{"id":760,"date":"2025-02-26T15:40:41","date_gmt":"2025-02-26T12:40:41","guid":{"rendered":"https:\/\/kentiahotel.com\/gastronomie\/"},"modified":"2025-04-29T15:20:02","modified_gmt":"2025-04-29T12:20:02","slug":"gastronomie","status":"publish","type":"page","link":"https:\/\/kentiaotel.com\/de\/gastronomie\/","title":{"rendered":"Gastronomie"},"content":{"rendered":"\t\t<div data-elementor-type=\"wp-page\" data-elementor-id=\"760\" class=\"elementor elementor-760 elementor-450\" data-elementor-post-type=\"page\">\n\t\t\t\t<div class=\"elementor-element elementor-element-8b67123 e-flex e-con-boxed e-con e-parent\" data-id=\"8b67123\" data-element_type=\"container\" data-settings=\"{&quot;background_background&quot;:&quot;classic&quot;}\">\n\t\t\t\t\t<div class=\"e-con-inner\">\n\t\t<div class=\"elementor-element elementor-element-755ded63 e-con-full e-flex e-con e-child\" data-id=\"755ded63\" data-element_type=\"container\">\n\t\t\t\t<div class=\"elementor-element elementor-element-3a98ff1b elementor-widget elementor-widget-heading\" data-id=\"3a98ff1b\" data-element_type=\"widget\" data-widget_type=\"heading.default\">\n\t\t\t\t<div class=\"elementor-widget-container\">\n\t\t\t\t\t<h1 class=\"elementor-heading-title elementor-size-default\">Gastronomie<\/h1>\t\t\t\t<\/div>\n\t\t\t\t<\/div>\n\t\t\t\t<div class=\"elementor-element elementor-element-3ab2f7fc elementor-icon-list--layout-inline elementor-list-item-link-full_width elementor-widget elementor-widget-icon-list\" data-id=\"3ab2f7fc\" data-element_type=\"widget\" data-widget_type=\"icon-list.default\">\n\t\t\t\t<div class=\"elementor-widget-container\">\n\t\t\t\t\t\t\t<ul class=\"elementor-icon-list-items elementor-inline-items\">\n\t\t\t\t\t\t\t<li class=\"elementor-icon-list-item elementor-inline-item\">\n\t\t\t\t\t\t\t\t\t\t\t<a href=\"#\">\n\n\t\t\t\t\t\t\t\t\t\t\t<span class=\"elementor-icon-list-text\">Startseite<\/span>\n\t\t\t\t\t\t\t\t\t\t\t<\/a>\n\t\t\t\t\t\t\t\t\t<\/li>\n\t\t\t\t\t\t\t\t<li class=\"elementor-icon-list-item elementor-inline-item\">\n\t\t\t\t\t\t\t\t\t\t\t<a href=\"#\">\n\n\t\t\t\t\t\t\t\t\t\t\t\t<span class=\"elementor-icon-list-icon\">\n\t\t\t\t\t\t\t<i aria-hidden=\"true\" class=\"icon icon-right-arrow\"><\/i>\t\t\t\t\t\t<\/span>\n\t\t\t\t\t\t\t\t\t\t<span class=\"elementor-icon-list-text\">Gastronomie<\/span>\n\t\t\t\t\t\t\t\t\t\t\t<\/a>\n\t\t\t\t\t\t\t\t\t<\/li>\n\t\t\t\t\t\t<\/ul>\n\t\t\t\t\t\t<\/div>\n\t\t\t\t<\/div>\n\t\t\t\t<\/div>\n\t\t\t\t\t<\/div>\n\t\t\t\t<\/div>\n\t\t<div class=\"elementor-element elementor-element-6cae0d0a e-flex e-con-boxed e-con e-parent\" data-id=\"6cae0d0a\" data-element_type=\"container\">\n\t\t\t\t\t<div class=\"e-con-inner\">\n\t\t<div class=\"elementor-element elementor-element-7fabb525 e-con-full e-flex e-con e-child\" data-id=\"7fabb525\" data-element_type=\"container\">\n\t\t\t\t<div class=\"elementor-element elementor-element-44ceb627 elementor-view-framed elementor-shape-circle elementor-widget elementor-widget-icon\" data-id=\"44ceb627\" data-element_type=\"widget\" data-widget_type=\"icon.default\">\n\t\t\t\t<div class=\"elementor-widget-container\">\n\t\t\t\t\t\t\t<div class=\"elementor-icon-wrapper\">\n\t\t\t<div class=\"elementor-icon\">\n\t\t\t<i aria-hidden=\"true\" class=\"icon icon-star2\"><\/i>\t\t\t<\/div>\n\t\t<\/div>\n\t\t\t\t\t\t<\/div>\n\t\t\t\t<\/div>\n\t\t\t\t<div class=\"elementor-element elementor-element-6c0cac86 elementor-widget elementor-widget-heading\" data-id=\"6c0cac86\" data-element_type=\"widget\" data-widget_type=\"heading.default\">\n\t\t\t\t<div class=\"elementor-widget-container\">\n\t\t\t\t\t<h6 class=\"elementor-heading-title elementor-size-default\">Gastronomie<\/h6>\t\t\t\t<\/div>\n\t\t\t\t<\/div>\n\t\t\t\t<div class=\"elementor-element elementor-element-21102ad5 elementor-invisible elementor-widget elementor-widget-heading\" data-id=\"21102ad5\" data-element_type=\"widget\" data-settings=\"{&quot;_animation&quot;:&quot;fadeInUp&quot;}\" data-widget_type=\"heading.default\">\n\t\t\t\t<div class=\"elementor-widget-container\">\n\t\t\t\t\t<h2 class=\"elementor-heading-title elementor-size-default\">Der Treffpunkt von Geschmack und Eleganz<\/h2>\t\t\t\t<\/div>\n\t\t\t\t<\/div>\n\t\t\t\t<div class=\"elementor-element elementor-element-198d1d8a elementor-widget__width-initial elementor-widget-tablet__width-inherit elementor-widget elementor-widget-text-editor\" data-id=\"198d1d8a\" data-element_type=\"widget\" data-widget_type=\"text-editor.default\">\n\t\t\t\t<div class=\"elementor-widget-container\">\n\t\t\t\t\t\t\t\t\t<p><span style=\"font-weight: 400;\">Das Kentia Angel \u00c0 La Carte Restaurant bietet ausgew\u00e4hlte internationale und traditionelle t\u00fcrkische K\u00fcche in einer stilvollen Atmosph\u00e4re mit Poolblick und sanfter Beleuchtung. Unser Restaurant mit gro\u00dfz\u00fcgigem Sitzbereich und drei separaten Essbereichen bietet eine exklusive Umgebung. Unser professionelles Team bereitet jedes Gericht mit gr\u00f6\u00dfter Sorgfalt zu \u2013 f\u00fcr ein unvergessliches kulinarisches Erlebnis.<\/span><\/p>\n\t\t\t\t\t\t\t\t<\/div>\n\t\t\t\t<\/div>\n\t\t\t\t<div class=\"elementor-element elementor-element-3ac92176 elementor-widget elementor-widget-spacer\" data-id=\"3ac92176\" data-element_type=\"widget\" data-widget_type=\"spacer.default\">\n\t\t\t\t<div class=\"elementor-widget-container\">\n\t\t\t\t\t\t\t<div class=\"elementor-spacer\">\n\t\t\t<div class=\"elementor-spacer-inner\"><\/div>\n\t\t<\/div>\n\t\t\t\t\t\t<\/div>\n\t\t\t\t<\/div>\n\t\t\t\t<\/div>\n\t\t\t\t\t<\/div>\n\t\t\t\t<\/div>\n\t\t<div class=\"elementor-element elementor-element-7269b36 e-grid e-con-full e-con e-parent\" data-id=\"7269b36\" data-element_type=\"container\">\n\t\t\t\t<div class=\"elementor-element elementor-element-a490068 elementor-cta--skin-classic elementor-animated-content elementor-bg-transform elementor-bg-transform-zoom-in elementor-widget elementor-widget-call-to-action\" data-id=\"a490068\" data-element_type=\"widget\" data-widget_type=\"call-to-action.default\">\n\t\t\t\t<div class=\"elementor-widget-container\">\n\t\t\t\t\t\t\t<div class=\"elementor-cta\">\n\t\t\t\t\t<div class=\"elementor-cta__bg-wrapper\">\n\t\t\t\t<div class=\"elementor-cta__bg elementor-bg\" style=\"background-image: url(https:\/\/kentiaotel.com\/wp-content\/uploads\/2025\/01\/KadirNasreddin-GCW-136-1024x768.jpg);\" role=\"img\" aria-label=\"\"><\/div>\n\t\t\t\t<div class=\"elementor-cta__bg-overlay\"><\/div>\n\t\t\t<\/div>\n\t\t\t\t\t\t\t<div class=\"elementor-cta__content\">\n\t\t\t\t\n\t\t\t\t\t\t\t\t\t<h2 class=\"elementor-cta__title elementor-cta__content-item elementor-content-item\">\n\t\t\t\t\t\tHauptbereich\t\t\t\t\t<\/h2>\n\t\t\t\t\n\t\t\t\t\t\t\t\t\t<div class=\"elementor-cta__description elementor-cta__content-item elementor-content-item\">\n\t\t\t\t\t\t<p>Einzigartige Aromen der t\u00fcrkischen und internationalen K\u00fcche<\/p>\n\t\t\t\t\t<\/div>\n\t\t\t\t\n\t\t\t\t\t\t\t<\/div>\n\t\t\t\t\t\t<\/div>\n\t\t\t\t\t\t<\/div>\n\t\t\t\t<\/div>\n\t\t\t\t<div class=\"elementor-element elementor-element-c50e897 elementor-cta--skin-classic elementor-animated-content elementor-bg-transform elementor-bg-transform-zoom-in elementor-widget elementor-widget-call-to-action\" data-id=\"c50e897\" data-element_type=\"widget\" data-widget_type=\"call-to-action.default\">\n\t\t\t\t<div class=\"elementor-widget-container\">\n\t\t\t\t\t\t\t<div class=\"elementor-cta\">\n\t\t\t\t\t<div class=\"elementor-cta__bg-wrapper\">\n\t\t\t\t<div class=\"elementor-cta__bg elementor-bg\" style=\"background-image: url(https:\/\/kentiaotel.com\/wp-content\/uploads\/2025\/01\/KadirNasreddin-GCW-41-1024x768.jpg);\" role=\"img\" aria-label=\"\"><\/div>\n\t\t\t\t<div class=\"elementor-cta__bg-overlay\"><\/div>\n\t\t\t<\/div>\n\t\t\t\t\t\t\t<div class=\"elementor-cta__content\">\n\t\t\t\t\n\t\t\t\t\t\t\t\t\t<h2 class=\"elementor-cta__title elementor-cta__content-item elementor-content-item\">\n\t\t\t\t\t\tInnenbereich\t\t\t\t\t<\/h2>\n\t\t\t\t\n\t\t\t\t\t\t\t\t\t<div class=\"elementor-cta__description elementor-cta__content-item elementor-content-item\">\n\t\t\t\t\t\t<p>Einzigartige Aromen der t\u00fcrkischen und internationalen K\u00fcche<\/p>\n\t\t\t\t\t<\/div>\n\t\t\t\t\n\t\t\t\t\t\t\t<\/div>\n\t\t\t\t\t\t<\/div>\n\t\t\t\t\t\t<\/div>\n\t\t\t\t<\/div>\n\t\t\t\t<div class=\"elementor-element elementor-element-cf66c2c elementor-cta--skin-classic elementor-animated-content elementor-bg-transform elementor-bg-transform-zoom-in elementor-widget elementor-widget-call-to-action\" data-id=\"cf66c2c\" data-element_type=\"widget\" data-widget_type=\"call-to-action.default\">\n\t\t\t\t<div class=\"elementor-widget-container\">\n\t\t\t\t\t\t\t<div class=\"elementor-cta\">\n\t\t\t\t\t<div class=\"elementor-cta__bg-wrapper\">\n\t\t\t\t<div class=\"elementor-cta__bg elementor-bg\" style=\"background-image: url(https:\/\/kentiaotel.com\/wp-content\/uploads\/2025\/01\/Adsiz-tasarim-47-1024x683.jpg);\" role=\"img\" aria-label=\"Ads\u0131z tasar\u0131m (47)\"><\/div>\n\t\t\t\t<div class=\"elementor-cta__bg-overlay\"><\/div>\n\t\t\t<\/div>\n\t\t\t\t\t\t\t<div class=\"elementor-cta__content\">\n\t\t\t\t\n\t\t\t\t\t\t\t\t\t<h2 class=\"elementor-cta__title elementor-cta__content-item elementor-content-item\">\n\t\t\t\t\t\tLounge\t\t\t\t\t<\/h2>\n\t\t\t\t\n\t\t\t\t\t\t\t\t\t<div class=\"elementor-cta__description elementor-cta__content-item elementor-content-item\">\n\t\t\t\t\t\t<p>Einzigartige Aromen der t\u00fcrkischen und internationalen K\u00fcche<\/p>\n\t\t\t\t\t<\/div>\n\t\t\t\t\n\t\t\t\t\t\t\t<\/div>\n\t\t\t\t\t\t<\/div>\n\t\t\t\t\t\t<\/div>\n\t\t\t\t<\/div>\n\t\t\t\t<\/div>\n\t\t\t\t<\/div>\n\t\t","protected":false},"excerpt":{"rendered":"<p>Gastronomie Startseite Gastronomie Gastronomie Der Treffpunkt von Geschmack und Eleganz Das Kentia Angel \u00c0 La Carte Restaurant bietet ausgew\u00e4hlte internationale und traditionelle t\u00fcrkische K\u00fcche in einer stilvollen Atmosph\u00e4re mit Poolblick und sanfter Beleuchtung. Unser Restaurant mit gro\u00dfz\u00fcgigem Sitzbereich und drei separaten Essbereichen bietet eine exklusive Umgebung. Unser professionelles Team bereitet jedes Gericht mit gr\u00f6\u00dfter Sorgfalt [&hellip;]<\/p>\n","protected":false},"author":1,"featured_media":0,"parent":0,"menu_order":0,"comment_status":"closed","ping_status":"closed","template":"elementor_header_footer","meta":{"footnotes":""},"class_list":["post-760","page","type-page","status-publish","hentry"],"yoast_head":"<!-- This site is optimized with the Yoast SEO plugin v27.5 - https:\/\/yoast.com\/product\/yoast-seo-wordpress\/ -->\n<title>Gastronomie - Kentia Apart Otel<\/title>\n<meta name=\"robots\" content=\"index, follow, max-snippet:-1, max-image-preview:large, max-video-preview:-1\" \/>\n<link rel=\"canonical\" href=\"https:\/\/kentiaotel.com\/gastronomi\/\" \/>\n<meta property=\"og:locale\" content=\"de_DE\" \/>\n<meta property=\"og:type\" content=\"article\" \/>\n<meta property=\"og:title\" content=\"Gastronomie - Kentia Apart Otel\" \/>\n<meta property=\"og:description\" content=\"Gastronomie Startseite Gastronomie Gastronomie Der Treffpunkt von Geschmack und Eleganz Das Kentia Angel \u00c0 La Carte Restaurant bietet ausgew\u00e4hlte internationale und traditionelle t\u00fcrkische K\u00fcche in einer stilvollen Atmosph\u00e4re mit Poolblick und sanfter Beleuchtung. Unser Restaurant mit gro\u00dfz\u00fcgigem Sitzbereich und drei separaten Essbereichen bietet eine exklusive Umgebung. Unser professionelles Team bereitet jedes Gericht mit gr\u00f6\u00dfter Sorgfalt [&hellip;]\" \/>\n<meta property=\"og:url\" content=\"https:\/\/kentiaotel.com\/gastronomi\/\" \/>\n<meta property=\"og:site_name\" content=\"Kentia Apart Otel\" \/>\n<meta property=\"article:modified_time\" content=\"2025-04-29T12:20:02+00:00\" \/>\n<meta name=\"twitter:card\" content=\"summary_large_image\" \/>\n<script type=\"application\/ld+json\" class=\"yoast-schema-graph\">{\"@context\":\"https:\\\/\\\/schema.org\",\"@graph\":[{\"@type\":\"WebPage\",\"@id\":\"https:\\\/\\\/kentiaotel.com\\\/gastronomi\\\/\",\"url\":\"https:\\\/\\\/kentiaotel.com\\\/gastronomi\\\/\",\"name\":\"Gastronomie - Kentia Apart Otel\",\"isPartOf\":{\"@id\":\"https:\\\/\\\/kentiaotel.com\\\/#website\"},\"datePublished\":\"2025-02-26T12:40:41+00:00\",\"dateModified\":\"2025-04-29T12:20:02+00:00\",\"breadcrumb\":{\"@id\":\"https:\\\/\\\/kentiaotel.com\\\/gastronomi\\\/#breadcrumb\"},\"inLanguage\":\"de\",\"potentialAction\":[{\"@type\":\"ReadAction\",\"target\":[\"https:\\\/\\\/kentiaotel.com\\\/gastronomi\\\/\"]}]},{\"@type\":\"BreadcrumbList\",\"@id\":\"https:\\\/\\\/kentiaotel.com\\\/gastronomi\\\/#breadcrumb\",\"itemListElement\":[{\"@type\":\"ListItem\",\"position\":1,\"name\":\"Anasayfa\",\"item\":\"https:\\\/\\\/kentiaotel.com\\\/\"},{\"@type\":\"ListItem\",\"position\":2,\"name\":\"Gastronomie\"}]},{\"@type\":\"WebSite\",\"@id\":\"https:\\\/\\\/kentiaotel.com\\\/#website\",\"url\":\"https:\\\/\\\/kentiaotel.com\\\/\",\"name\":\"Kentia Apart Otel\",\"description\":\"\",\"publisher\":{\"@id\":\"https:\\\/\\\/kentiaotel.com\\\/#organization\"},\"potentialAction\":[{\"@type\":\"SearchAction\",\"target\":{\"@type\":\"EntryPoint\",\"urlTemplate\":\"https:\\\/\\\/kentiaotel.com\\\/?s={search_term_string}\"},\"query-input\":{\"@type\":\"PropertyValueSpecification\",\"valueRequired\":true,\"valueName\":\"search_term_string\"}}],\"inLanguage\":\"de\"},{\"@type\":\"Organization\",\"@id\":\"https:\\\/\\\/kentiaotel.com\\\/#organization\",\"name\":\"Kentia Apart Otel\",\"url\":\"https:\\\/\\\/kentiaotel.com\\\/\",\"logo\":{\"@type\":\"ImageObject\",\"inLanguage\":\"de\",\"@id\":\"https:\\\/\\\/kentiaotel.com\\\/#\\\/schema\\\/logo\\\/image\\\/\",\"url\":\"https:\\\/\\\/kentiaotel.com\\\/wp-content\\\/uploads\\\/2025\\\/01\\\/KENTIA.png\",\"contentUrl\":\"https:\\\/\\\/kentiaotel.com\\\/wp-content\\\/uploads\\\/2025\\\/01\\\/KENTIA.png\",\"width\":388,\"height\":224,\"caption\":\"Kentia Apart Otel\"},\"image\":{\"@id\":\"https:\\\/\\\/kentiaotel.com\\\/#\\\/schema\\\/logo\\\/image\\\/\"}}]}<\/script>\n<!-- \/ Yoast SEO plugin. -->","yoast_head_json":{"title":"Gastronomie - Kentia Apart Otel","robots":{"index":"index","follow":"follow","max-snippet":"max-snippet:-1","max-image-preview":"max-image-preview:large","max-video-preview":"max-video-preview:-1"},"canonical":"https:\/\/kentiaotel.com\/gastronomi\/","og_locale":"de_DE","og_type":"article","og_title":"Gastronomie - Kentia Apart Otel","og_description":"Gastronomie Startseite Gastronomie Gastronomie Der Treffpunkt von Geschmack und Eleganz Das Kentia Angel \u00c0 La Carte Restaurant bietet ausgew\u00e4hlte internationale und traditionelle t\u00fcrkische K\u00fcche in einer stilvollen Atmosph\u00e4re mit Poolblick und sanfter Beleuchtung. Unser Restaurant mit gro\u00dfz\u00fcgigem Sitzbereich und drei separaten Essbereichen bietet eine exklusive Umgebung. Unser professionelles Team bereitet jedes Gericht mit gr\u00f6\u00dfter Sorgfalt [&hellip;]","og_url":"https:\/\/kentiaotel.com\/gastronomi\/","og_site_name":"Kentia Apart Otel","article_modified_time":"2025-04-29T12:20:02+00:00","twitter_card":"summary_large_image","schema":{"@context":"https:\/\/schema.org","@graph":[{"@type":"WebPage","@id":"https:\/\/kentiaotel.com\/gastronomi\/","url":"https:\/\/kentiaotel.com\/gastronomi\/","name":"Gastronomie - Kentia Apart Otel","isPartOf":{"@id":"https:\/\/kentiaotel.com\/#website"},"datePublished":"2025-02-26T12:40:41+00:00","dateModified":"2025-04-29T12:20:02+00:00","breadcrumb":{"@id":"https:\/\/kentiaotel.com\/gastronomi\/#breadcrumb"},"inLanguage":"de","potentialAction":[{"@type":"ReadAction","target":["https:\/\/kentiaotel.com\/gastronomi\/"]}]},{"@type":"BreadcrumbList","@id":"https:\/\/kentiaotel.com\/gastronomi\/#breadcrumb","itemListElement":[{"@type":"ListItem","position":1,"name":"Anasayfa","item":"https:\/\/kentiaotel.com\/"},{"@type":"ListItem","position":2,"name":"Gastronomie"}]},{"@type":"WebSite","@id":"https:\/\/kentiaotel.com\/#website","url":"https:\/\/kentiaotel.com\/","name":"Kentia Apart Otel","description":"","publisher":{"@id":"https:\/\/kentiaotel.com\/#organization"},"potentialAction":[{"@type":"SearchAction","target":{"@type":"EntryPoint","urlTemplate":"https:\/\/kentiaotel.com\/?s={search_term_string}"},"query-input":{"@type":"PropertyValueSpecification","valueRequired":true,"valueName":"search_term_string"}}],"inLanguage":"de"},{"@type":"Organization","@id":"https:\/\/kentiaotel.com\/#organization","name":"Kentia Apart Otel","url":"https:\/\/kentiaotel.com\/","logo":{"@type":"ImageObject","inLanguage":"de","@id":"https:\/\/kentiaotel.com\/#\/schema\/logo\/image\/","url":"https:\/\/kentiaotel.com\/wp-content\/uploads\/2025\/01\/KENTIA.png","contentUrl":"https:\/\/kentiaotel.com\/wp-content\/uploads\/2025\/01\/KENTIA.png","width":388,"height":224,"caption":"Kentia Apart Otel"},"image":{"@id":"https:\/\/kentiaotel.com\/#\/schema\/logo\/image\/"}}]}},"_links":{"self":[{"href":"https:\/\/kentiaotel.com\/de\/wp-json\/wp\/v2\/pages\/760","targetHints":{"allow":["GET"]}}],"collection":[{"href":"https:\/\/kentiaotel.com\/de\/wp-json\/wp\/v2\/pages"}],"about":[{"href":"https:\/\/kentiaotel.com\/de\/wp-json\/wp\/v2\/types\/page"}],"author":[{"embeddable":true,"href":"https:\/\/kentiaotel.com\/de\/wp-json\/wp\/v2\/users\/1"}],"replies":[{"embeddable":true,"href":"https:\/\/kentiaotel.com\/de\/wp-json\/wp\/v2\/comments?post=760"}],"version-history":[{"count":1,"href":"https:\/\/kentiaotel.com\/de\/wp-json\/wp\/v2\/pages\/760\/revisions"}],"predecessor-version":[{"id":761,"href":"https:\/\/kentiaotel.com\/de\/wp-json\/wp\/v2\/pages\/760\/revisions\/761"}],"wp:attachment":[{"href":"https:\/\/kentiaotel.com\/de\/wp-json\/wp\/v2\/media?parent=760"}],"curies":[{"name":"wp","href":"https:\/\/api.w.org\/{rel}","templated":true}]}}