{"id":762,"date":"2025-01-29T22:26:33","date_gmt":"2025-01-29T19:26:33","guid":{"rendered":"https:\/\/kentiahotel.com\/ueber-uns\/"},"modified":"2025-11-08T23:26:42","modified_gmt":"2025-11-08T20:26:42","slug":"ueber-uns","status":"publish","type":"page","link":"https:\/\/kentiaotel.com\/de\/ueber-uns\/","title":{"rendered":"\u00dcber uns"},"content":{"rendered":"\t\t<div data-elementor-type=\"wp-page\" data-elementor-id=\"762\" class=\"elementor elementor-762 elementor-162\" data-elementor-post-type=\"page\">\n\t\t\t\t<div class=\"elementor-element elementor-element-12716db8 e-flex e-con-boxed e-con e-parent\" data-id=\"12716db8\" data-element_type=\"container\" data-settings=\"{&quot;background_background&quot;:&quot;classic&quot;}\">\n\t\t\t\t\t<div class=\"e-con-inner\">\n\t\t<div class=\"elementor-element elementor-element-61e9d49f e-con-full e-flex e-con e-child\" data-id=\"61e9d49f\" data-element_type=\"container\">\n\t\t\t\t<div class=\"elementor-element elementor-element-7e7014b6 elementor-widget elementor-widget-heading\" data-id=\"7e7014b6\" data-element_type=\"widget\" data-widget_type=\"heading.default\">\n\t\t\t\t<div class=\"elementor-widget-container\">\n\t\t\t\t\t<h1 class=\"elementor-heading-title elementor-size-default\">\u00dcber uns<\/h1>\t\t\t\t<\/div>\n\t\t\t\t<\/div>\n\t\t\t\t<div class=\"elementor-element elementor-element-21c564d0 elementor-icon-list--layout-inline elementor-list-item-link-full_width elementor-widget elementor-widget-icon-list\" data-id=\"21c564d0\" data-element_type=\"widget\" data-widget_type=\"icon-list.default\">\n\t\t\t\t<div class=\"elementor-widget-container\">\n\t\t\t\t\t\t\t<ul class=\"elementor-icon-list-items elementor-inline-items\">\n\t\t\t\t\t\t\t<li class=\"elementor-icon-list-item elementor-inline-item\">\n\t\t\t\t\t\t\t\t\t\t\t<a href=\"#\">\n\n\t\t\t\t\t\t\t\t\t\t\t<span class=\"elementor-icon-list-text\">Startseite<\/span>\n\t\t\t\t\t\t\t\t\t\t\t<\/a>\n\t\t\t\t\t\t\t\t\t<\/li>\n\t\t\t\t\t\t\t\t<li class=\"elementor-icon-list-item elementor-inline-item\">\n\t\t\t\t\t\t\t\t\t\t\t<a href=\"#\">\n\n\t\t\t\t\t\t\t\t\t\t\t\t<span class=\"elementor-icon-list-icon\">\n\t\t\t\t\t\t\t<i aria-hidden=\"true\" class=\"icon icon-right-arrow\"><\/i>\t\t\t\t\t\t<\/span>\n\t\t\t\t\t\t\t\t\t\t<span class=\"elementor-icon-list-text\">\u00dcber Kentia Apart Hotel<\/span>\n\t\t\t\t\t\t\t\t\t\t\t<\/a>\n\t\t\t\t\t\t\t\t\t<\/li>\n\t\t\t\t\t\t<\/ul>\n\t\t\t\t\t\t<\/div>\n\t\t\t\t<\/div>\n\t\t\t\t<\/div>\n\t\t\t\t\t<\/div>\n\t\t\t\t<\/div>\n\t\t<div class=\"elementor-element elementor-element-1b482453 e-flex e-con-boxed e-con e-parent\" data-id=\"1b482453\" data-element_type=\"container\">\n\t\t\t\t\t<div class=\"e-con-inner\">\n\t\t<div class=\"elementor-element elementor-element-160e33b3 e-con-full e-flex e-con e-child\" data-id=\"160e33b3\" data-element_type=\"container\">\n\t\t\t\t<div class=\"elementor-element elementor-element-6f2239a3 elementor-view-framed elementor-shape-circle elementor-widget elementor-widget-icon\" data-id=\"6f2239a3\" data-element_type=\"widget\" data-widget_type=\"icon.default\">\n\t\t\t\t<div class=\"elementor-widget-container\">\n\t\t\t\t\t\t\t<div class=\"elementor-icon-wrapper\">\n\t\t\t<div class=\"elementor-icon\">\n\t\t\t<i aria-hidden=\"true\" class=\"icon icon-star2\"><\/i>\t\t\t<\/div>\n\t\t<\/div>\n\t\t\t\t\t\t<\/div>\n\t\t\t\t<\/div>\n\t\t\t\t<div class=\"elementor-element elementor-element-1df6cfe8 elementor-widget elementor-widget-heading\" data-id=\"1df6cfe8\" data-element_type=\"widget\" data-widget_type=\"heading.default\">\n\t\t\t\t<div class=\"elementor-widget-container\">\n\t\t\t\t\t<h6 class=\"elementor-heading-title elementor-size-default\">\u00dcber Kentia Apart Hotel<\/h6>\t\t\t\t<\/div>\n\t\t\t\t<\/div>\n\t\t\t\t<div class=\"elementor-element elementor-element-186ba685 elementor-invisible elementor-widget elementor-widget-heading\" data-id=\"186ba685\" data-element_type=\"widget\" data-settings=\"{&quot;_animation&quot;:&quot;fadeInUp&quot;}\" data-widget_type=\"heading.default\">\n\t\t\t\t<div class=\"elementor-widget-container\">\n\t\t\t\t\t<h2 class=\"elementor-heading-title elementor-size-default\">Komfortabler Urlaub, wo sich Geschichte und Natur begegnen<\/h2>\t\t\t\t<\/div>\n\t\t\t\t<\/div>\n\t\t\t\t<div class=\"elementor-element elementor-element-4c09e7d0 elementor-widget elementor-widget-spacer\" data-id=\"4c09e7d0\" data-element_type=\"widget\" data-widget_type=\"spacer.default\">\n\t\t\t\t<div class=\"elementor-widget-container\">\n\t\t\t\t\t\t\t<div class=\"elementor-spacer\">\n\t\t\t<div class=\"elementor-spacer-inner\"><\/div>\n\t\t<\/div>\n\t\t\t\t\t\t<\/div>\n\t\t\t\t<\/div>\n\t\t\t\t<\/div>\n\t\t<div class=\"elementor-element elementor-element-732a40b9 e-con-full e-flex e-con e-child\" data-id=\"732a40b9\" data-element_type=\"container\">\n\t\t<div class=\"elementor-element elementor-element-1e050562 e-con-full e-flex e-con e-child\" data-id=\"1e050562\" data-element_type=\"container\">\n\t\t\t\t<div class=\"elementor-element elementor-element-41ad956b elementor-widget elementor-widget-image\" data-id=\"41ad956b\" data-element_type=\"widget\" data-widget_type=\"image.default\">\n\t\t\t\t<div class=\"elementor-widget-container\">\n\t\t\t\t\t\t\t\t\t\t\t\t\t\t\t<img fetchpriority=\"high\" decoding=\"async\" width=\"800\" height=\"534\" src=\"https:\/\/kentiaotel.com\/wp-content\/uploads\/2025\/01\/Adsiz-tasarim-45-1024x683.jpg\" class=\"attachment-large size-large wp-image-69\" alt=\"\" srcset=\"https:\/\/kentiaotel.com\/wp-content\/uploads\/2025\/01\/Adsiz-tasarim-45-1024x683.jpg 1024w, https:\/\/kentiaotel.com\/wp-content\/uploads\/2025\/01\/Adsiz-tasarim-45-300x200.jpg 300w, https:\/\/kentiaotel.com\/wp-content\/uploads\/2025\/01\/Adsiz-tasarim-45-768x512.jpg 768w, https:\/\/kentiaotel.com\/wp-content\/uploads\/2025\/01\/Adsiz-tasarim-45-1536x1024.jpg 1536w, https:\/\/kentiaotel.com\/wp-content\/uploads\/2025\/01\/Adsiz-tasarim-45-1568x1045.jpg 1568w, https:\/\/kentiaotel.com\/wp-content\/uploads\/2025\/01\/Adsiz-tasarim-45.jpg 1920w\" sizes=\"(max-width: 800px) 100vw, 800px\" \/>\t\t\t\t\t\t\t\t\t\t\t\t\t\t\t<\/div>\n\t\t\t\t<\/div>\n\t\t\t\t<\/div>\n\t\t<div class=\"elementor-element elementor-element-6a705acf e-con-full e-flex e-con e-child\" data-id=\"6a705acf\" data-element_type=\"container\">\n\t\t\t\t<div class=\"elementor-element elementor-element-54a29c68 elementor-widget elementor-widget-text-editor\" data-id=\"54a29c68\" data-element_type=\"widget\" data-widget_type=\"text-editor.default\">\n\t\t\t\t<div class=\"elementor-widget-container\">\n\t\t\t\t\t\t\t\t\t<p><span style=\"font-weight: 400;\">Seit 1999 bietet Kentia Apart Hotel seinen G\u00e4sten ein unvergessliches Urlaubserlebnis, eingebettet in die historische Struktur und nat\u00fcrliche Sch\u00f6nheit von Side. Unsere komfortablen Zimmer mit modernem Design, unser gr\u00fcner Garten, Swimmingpool und zahlreiche Einrichtungen verbinden Ruhe mit Unterhaltung.<\/span><\/p>\t\t\t\t\t\t\t\t<\/div>\n\t\t\t\t<\/div>\n\t\t<div class=\"elementor-element elementor-element-2e382e45 e-con-full e-flex e-con e-child\" data-id=\"2e382e45\" data-element_type=\"container\">\n\t\t\t\t<div class=\"elementor-element elementor-element-24f65fae animated-fast elementor-invisible elementor-widget elementor-widget-text-editor\" data-id=\"24f65fae\" data-element_type=\"widget\" data-settings=\"{&quot;_animation&quot;:&quot;fadeInRight&quot;}\" data-widget_type=\"text-editor.default\">\n\t\t\t\t<div class=\"elementor-widget-container\">\n\t\t\t\t\t\t\t\t\t<p><span style=\"font-weight: 400;\">Mit unserem freundlichen Service ist es unser oberstes Ziel, dass sich unsere G\u00e4ste wie zu Hause f\u00fchlen. Planen Sie Ihren Urlaub in der einzigartigen Atmosph\u00e4re von Side mit Kentia Apartments!<\/span><\/p>\n\t\t\t\t\t\t\t\t<\/div>\n\t\t\t\t<\/div>\n\t\t\t\t<\/div>\n\t\t<div class=\"elementor-element elementor-element-f0142fe e-con-full e-flex e-con e-child\" data-id=\"f0142fe\" data-element_type=\"container\">\n\t\t\t\t<div class=\"elementor-element elementor-element-fdd0924 elementor-widget elementor-widget-image\" data-id=\"fdd0924\" data-element_type=\"widget\" data-widget_type=\"image.default\">\n\t\t\t\t<div class=\"elementor-widget-container\">\n\t\t\t\t\t\t\t\t\t\t\t\t\t\t\t<img decoding=\"async\" width=\"700\" height=\"250\" src=\"https:\/\/kentiaotel.com\/wp-content\/uploads\/2025\/04\/26-kentia-siyah-1.png\" class=\"attachment-large size-large wp-image-958\" alt=\"\" srcset=\"https:\/\/kentiaotel.com\/wp-content\/uploads\/2025\/04\/26-kentia-siyah-1.png 700w, https:\/\/kentiaotel.com\/wp-content\/uploads\/2025\/04\/26-kentia-siyah-1-300x107.png 300w\" sizes=\"(max-width: 700px) 100vw, 700px\" \/>\t\t\t\t\t\t\t\t\t\t\t\t\t\t\t<\/div>\n\t\t\t\t<\/div>\n\t\t\t\t<\/div>\n\t\t\t\t<\/div>\n\t\t\t\t<\/div>\n\t\t\t\t<div class=\"elementor-element elementor-element-aacc428 elementor-widget elementor-widget-spacer\" data-id=\"aacc428\" data-element_type=\"widget\" data-widget_type=\"spacer.default\">\n\t\t\t\t<div class=\"elementor-widget-container\">\n\t\t\t\t\t\t\t<div class=\"elementor-spacer\">\n\t\t\t<div class=\"elementor-spacer-inner\"><\/div>\n\t\t<\/div>\n\t\t\t\t\t\t<\/div>\n\t\t\t\t<\/div>\n\t\t<div class=\"elementor-element elementor-element-6c535861 e-con-full e-flex e-con e-child\" data-id=\"6c535861\" data-element_type=\"container\">\n\t\t<div class=\"elementor-element elementor-element-5cacefb9 e-con-full e-flex e-con e-child\" data-id=\"5cacefb9\" data-element_type=\"container\">\n\t\t\t\t<div class=\"elementor-element elementor-element-66a87a3b elementor-widget elementor-widget-heading\" data-id=\"66a87a3b\" data-element_type=\"widget\" data-widget_type=\"heading.default\">\n\t\t\t\t<div class=\"elementor-widget-container\">\n\t\t\t\t\t<h3 class=\"elementor-heading-title elementor-size-default\">Unsere Werte<\/h3>\t\t\t\t<\/div>\n\t\t\t\t<\/div>\n\t\t\t\t<div class=\"elementor-element elementor-element-7568ce0a elementor-widget elementor-widget-text-editor\" data-id=\"7568ce0a\" data-element_type=\"widget\" data-widget_type=\"text-editor.default\">\n\t\t\t\t<div class=\"elementor-widget-container\">\n\t\t\t\t\t\t\t\t\t<p><span style=\"font-weight: 400;\">Bei Kentia Apart Hotel bieten wir unseren G\u00e4sten nicht nur eine komfortable Unterkunft, sondern auch ein besonderes Erlebnis, gepr\u00e4gt von Vertrauen, Qualit\u00e4t und Herzlichkeit. Im Zentrum unseres Servicegedankens steht, dass sich jeder Gast besonders f\u00fchlt und unvergessliche Erinnerungen sammelt. Unsere Werte, die uns seit Jahren auszeichnen:<\/span><\/p>\t\t\t\t\t\t\t\t<\/div>\n\t\t\t\t<\/div>\n\t\t<div class=\"elementor-element elementor-element-f014fbd e-con-full e-flex e-con e-child\" data-id=\"f014fbd\" data-element_type=\"container\">\n\t\t\t\t<div class=\"elementor-element elementor-element-5affe346 elementor-position-left elementor-vertical-align-middle elementor-mobile-position-left elementor-view-default elementor-widget elementor-widget-icon-box\" data-id=\"5affe346\" data-element_type=\"widget\" data-widget_type=\"icon-box.default\">\n\t\t\t\t<div class=\"elementor-widget-container\">\n\t\t\t\t\t\t\t<div class=\"elementor-icon-box-wrapper\">\n\n\t\t\t\t\t\t<div class=\"elementor-icon-box-icon\">\n\t\t\t\t<span  class=\"elementor-icon\">\n\t\t\t\t<i aria-hidden=\"true\" class=\"icon icon-badge\"><\/i>\t\t\t\t<\/span>\n\t\t\t<\/div>\n\t\t\t\n\t\t\t\t\t\t<div class=\"elementor-icon-box-content\">\n\n\t\t\t\t\t\t\t\t\t<h4 class=\"elementor-icon-box-title\">\n\t\t\t\t\t\t<span  >\n\t\t\t\t\t\t\tAu\u00dfergew\u00f6hnlicher Service\t\t\t\t\t\t<\/span>\n\t\t\t\t\t<\/h4>\n\t\t\t\t\n\t\t\t\t\n\t\t\t<\/div>\n\t\t\t\n\t\t<\/div>\n\t\t\t\t\t\t<\/div>\n\t\t\t\t<\/div>\n\t\t\t\t<div class=\"elementor-element elementor-element-7285d8c2 elementor-widget elementor-widget-text-editor\" data-id=\"7285d8c2\" data-element_type=\"widget\" data-widget_type=\"text-editor.default\">\n\t\t\t\t<div class=\"elementor-widget-container\">\n\t\t\t\t\t\t\t\t\t<p><span style=\"font-weight: 400;\">G\u00e4stezufriedenheit steht f\u00fcr uns an erster Stelle \u2013 mit unserem herzlichen Service bieten wir ein unvergessliches Erlebnis.<\/span><\/p>\n\t\t\t\t\t\t\t\t<\/div>\n\t\t\t\t<\/div>\n\t\t\t\t<\/div>\n\t\t<div class=\"elementor-element elementor-element-41f5f7b9 e-con-full e-flex e-con e-child\" data-id=\"41f5f7b9\" data-element_type=\"container\">\n\t\t\t\t<div class=\"elementor-element elementor-element-63227f37 elementor-position-left elementor-vertical-align-middle elementor-mobile-position-left elementor-view-default elementor-widget elementor-widget-icon-box\" data-id=\"63227f37\" data-element_type=\"widget\" data-widget_type=\"icon-box.default\">\n\t\t\t\t<div class=\"elementor-widget-container\">\n\t\t\t\t\t\t\t<div class=\"elementor-icon-box-wrapper\">\n\n\t\t\t\t\t\t<div class=\"elementor-icon-box-icon\">\n\t\t\t\t<span  class=\"elementor-icon\">\n\t\t\t\t<i aria-hidden=\"true\" class=\"jki jki-bed-solid\"><\/i>\t\t\t\t<\/span>\n\t\t\t<\/div>\n\t\t\t\n\t\t\t\t\t\t<div class=\"elementor-icon-box-content\">\n\n\t\t\t\t\t\t\t\t\t<h4 class=\"elementor-icon-box-title\">\n\t\t\t\t\t\t<span  >\n\t\t\t\t\t\t\tUnnachgiebige Qualit\u00e4t\t\t\t\t\t\t<\/span>\n\t\t\t\t\t<\/h4>\n\t\t\t\t\n\t\t\t\t\n\t\t\t<\/div>\n\t\t\t\n\t\t<\/div>\n\t\t\t\t\t\t<\/div>\n\t\t\t\t<\/div>\n\t\t\t\t<div class=\"elementor-element elementor-element-45292e47 elementor-widget elementor-widget-text-editor\" data-id=\"45292e47\" data-element_type=\"widget\" data-widget_type=\"text-editor.default\">\n\t\t\t\t<div class=\"elementor-widget-container\">\n\t\t\t\t\t\t\t\t\t<p><span style=\"font-weight: 400;\">Wir achten auf jedes Detail und geben bei unseren Standards niemals Kompromisse ein \u2013 von den Zimmern bis zum Restaurant.<\/span><span style=\"font-weight: 400;\"><br \/>\n<\/span><\/p>\n\t\t\t\t\t\t\t\t<\/div>\n\t\t\t\t<\/div>\n\t\t\t\t<\/div>\n\t\t<div class=\"elementor-element elementor-element-1ffc0a31 e-con-full e-flex e-con e-child\" data-id=\"1ffc0a31\" data-element_type=\"container\">\n\t\t\t\t<div class=\"elementor-element elementor-element-713003f2 elementor-position-left elementor-vertical-align-middle elementor-mobile-position-left elementor-view-default elementor-widget elementor-widget-icon-box\" data-id=\"713003f2\" data-element_type=\"widget\" data-widget_type=\"icon-box.default\">\n\t\t\t\t<div class=\"elementor-widget-container\">\n\t\t\t\t\t\t\t<div class=\"elementor-icon-box-wrapper\">\n\n\t\t\t\t\t\t<div class=\"elementor-icon-box-icon\">\n\t\t\t\t<span  class=\"elementor-icon\">\n\t\t\t\t<i aria-hidden=\"true\" class=\"jki jki-handshake-light\"><\/i>\t\t\t\t<\/span>\n\t\t\t<\/div>\n\t\t\t\n\t\t\t\t\t\t<div class=\"elementor-icon-box-content\">\n\n\t\t\t\t\t\t\t\t\t<h4 class=\"elementor-icon-box-title\">\n\t\t\t\t\t\t<span  >\n\t\t\t\t\t\t\tEhrlichkeit und Vertrauen\t\t\t\t\t\t<\/span>\n\t\t\t\t\t<\/h4>\n\t\t\t\t\n\t\t\t\t\n\t\t\t<\/div>\n\t\t\t\n\t\t<\/div>\n\t\t\t\t\t\t<\/div>\n\t\t\t\t<\/div>\n\t\t\t\t<div class=\"elementor-element elementor-element-2365a9c8 elementor-widget elementor-widget-text-editor\" data-id=\"2365a9c8\" data-element_type=\"widget\" data-widget_type=\"text-editor.default\">\n\t\t\t\t<div class=\"elementor-widget-container\">\n\t\t\t\t\t\t\t\t\t<p><span style=\"font-weight: 400;\">Mit transparenter Dienstleistung und einem zuverl\u00e4ssigen Team bieten wir einen sicheren Aufenthalt. Ihr Vertrauen ist unser gr\u00f6\u00dfter Wert.<\/span><\/p>\n\t\t\t\t\t\t\t\t<\/div>\n\t\t\t\t<\/div>\n\t\t\t\t<\/div>\n\t\t\t\t<\/div>\n\t\t<div class=\"elementor-element elementor-element-439f6922 e-con-full e-flex e-con e-child\" data-id=\"439f6922\" data-element_type=\"container\">\n\t\t\t\t<div class=\"elementor-element elementor-element-45a9a43f elementor-widget elementor-widget-image\" data-id=\"45a9a43f\" data-element_type=\"widget\" data-widget_type=\"image.default\">\n\t\t\t\t<div class=\"elementor-widget-container\">\n\t\t\t\t\t\t\t\t\t\t\t\t\t\t\t<img decoding=\"async\" width=\"800\" height=\"534\" src=\"https:\/\/kentiaotel.com\/wp-content\/uploads\/2025\/01\/Adsiz-tasarim-47-1024x683.jpg\" class=\"attachment-large size-large wp-image-72\" alt=\"\" srcset=\"https:\/\/kentiaotel.com\/wp-content\/uploads\/2025\/01\/Adsiz-tasarim-47-1024x683.jpg 1024w, https:\/\/kentiaotel.com\/wp-content\/uploads\/2025\/01\/Adsiz-tasarim-47-300x200.jpg 300w, https:\/\/kentiaotel.com\/wp-content\/uploads\/2025\/01\/Adsiz-tasarim-47-768x512.jpg 768w, https:\/\/kentiaotel.com\/wp-content\/uploads\/2025\/01\/Adsiz-tasarim-47-1536x1024.jpg 1536w, https:\/\/kentiaotel.com\/wp-content\/uploads\/2025\/01\/Adsiz-tasarim-47-1568x1045.jpg 1568w, https:\/\/kentiaotel.com\/wp-content\/uploads\/2025\/01\/Adsiz-tasarim-47.jpg 1920w\" sizes=\"(max-width: 800px) 100vw, 800px\" \/>\t\t\t\t\t\t\t\t\t\t\t\t\t\t\t<\/div>\n\t\t\t\t<\/div>\n\t\t\t\t<\/div>\n\t\t\t\t<\/div>\n\t\t\t\t\t<\/div>\n\t\t\t\t<\/div>\n\t\t\t\t<\/div>\n\t\t","protected":false},"excerpt":{"rendered":"<p>\u00dcber uns Startseite \u00dcber Kentia Apart Hotel \u00dcber Kentia Apart Hotel Komfortabler Urlaub, wo sich Geschichte und Natur begegnen Seit 1999 bietet Kentia Apart Hotel seinen G\u00e4sten ein unvergessliches Urlaubserlebnis, eingebettet in die historische Struktur und nat\u00fcrliche Sch\u00f6nheit von Side. Unsere komfortablen Zimmer mit modernem Design, unser gr\u00fcner Garten, Swimmingpool und zahlreiche Einrichtungen verbinden Ruhe [&hellip;]<\/p>\n","protected":false},"author":1,"featured_media":0,"parent":0,"menu_order":0,"comment_status":"closed","ping_status":"closed","template":"elementor_header_footer","meta":{"footnotes":""},"class_list":["post-762","page","type-page","status-publish","hentry"],"yoast_head":"<!-- This site is optimized with the Yoast SEO plugin v27.5 - https:\/\/yoast.com\/product\/yoast-seo-wordpress\/ -->\n<title>\u00dcber uns - Kentia Apart Otel<\/title>\n<meta name=\"robots\" content=\"index, follow, max-snippet:-1, max-image-preview:large, max-video-preview:-1\" \/>\n<link rel=\"canonical\" href=\"https:\/\/kentiaotel.com\/hakkimizda\/\" \/>\n<meta property=\"og:locale\" content=\"de_DE\" \/>\n<meta property=\"og:type\" content=\"article\" \/>\n<meta property=\"og:title\" content=\"\u00dcber uns - Kentia Apart Otel\" \/>\n<meta property=\"og:description\" content=\"\u00dcber uns Startseite \u00dcber Kentia Apart Hotel \u00dcber Kentia Apart Hotel Komfortabler Urlaub, wo sich Geschichte und Natur begegnen Seit 1999 bietet Kentia Apart Hotel seinen G\u00e4sten ein unvergessliches Urlaubserlebnis, eingebettet in die historische Struktur und nat\u00fcrliche Sch\u00f6nheit von Side. Unsere komfortablen Zimmer mit modernem Design, unser gr\u00fcner Garten, Swimmingpool und zahlreiche Einrichtungen verbinden Ruhe [&hellip;]\" \/>\n<meta property=\"og:url\" content=\"https:\/\/kentiaotel.com\/hakkimizda\/\" \/>\n<meta property=\"og:site_name\" content=\"Kentia Apart Otel\" \/>\n<meta property=\"article:modified_time\" content=\"2025-11-08T20:26:42+00:00\" \/>\n<meta property=\"og:image\" content=\"https:\/\/kentiahotel.com\/wp-content\/uploads\/2025\/01\/Adsiz-tasarim-45-1024x683.jpg\" \/>\n<meta name=\"twitter:card\" content=\"summary_large_image\" \/>\n<meta name=\"twitter:label1\" content=\"Gesch\u00e4tzte Lesezeit\" \/>\n\t<meta name=\"twitter:data1\" content=\"1\u00a0Minute\" \/>\n<script type=\"application\/ld+json\" class=\"yoast-schema-graph\">{\"@context\":\"https:\\\/\\\/schema.org\",\"@graph\":[{\"@type\":\"WebPage\",\"@id\":\"https:\\\/\\\/kentiaotel.com\\\/hakkimizda\\\/\",\"url\":\"https:\\\/\\\/kentiaotel.com\\\/hakkimizda\\\/\",\"name\":\"\u00dcber uns - Kentia Apart Otel\",\"isPartOf\":{\"@id\":\"https:\\\/\\\/kentiaotel.com\\\/#website\"},\"primaryImageOfPage\":{\"@id\":\"https:\\\/\\\/kentiaotel.com\\\/hakkimizda\\\/#primaryimage\"},\"image\":{\"@id\":\"https:\\\/\\\/kentiaotel.com\\\/hakkimizda\\\/#primaryimage\"},\"thumbnailUrl\":\"https:\\\/\\\/kentiahotel.com\\\/wp-content\\\/uploads\\\/2025\\\/01\\\/Adsiz-tasarim-45-1024x683.jpg\",\"datePublished\":\"2025-01-29T19:26:33+00:00\",\"dateModified\":\"2025-11-08T20:26:42+00:00\",\"breadcrumb\":{\"@id\":\"https:\\\/\\\/kentiaotel.com\\\/hakkimizda\\\/#breadcrumb\"},\"inLanguage\":\"de\",\"potentialAction\":[{\"@type\":\"ReadAction\",\"target\":[\"https:\\\/\\\/kentiaotel.com\\\/hakkimizda\\\/\"]}]},{\"@type\":\"ImageObject\",\"inLanguage\":\"de\",\"@id\":\"https:\\\/\\\/kentiaotel.com\\\/hakkimizda\\\/#primaryimage\",\"url\":\"https:\\\/\\\/kentiahotel.com\\\/wp-content\\\/uploads\\\/2025\\\/01\\\/Adsiz-tasarim-45-1024x683.jpg\",\"contentUrl\":\"https:\\\/\\\/kentiahotel.com\\\/wp-content\\\/uploads\\\/2025\\\/01\\\/Adsiz-tasarim-45-1024x683.jpg\"},{\"@type\":\"BreadcrumbList\",\"@id\":\"https:\\\/\\\/kentiaotel.com\\\/hakkimizda\\\/#breadcrumb\",\"itemListElement\":[{\"@type\":\"ListItem\",\"position\":1,\"name\":\"Anasayfa\",\"item\":\"https:\\\/\\\/kentiaotel.com\\\/\"},{\"@type\":\"ListItem\",\"position\":2,\"name\":\"\u00dcber uns\"}]},{\"@type\":\"WebSite\",\"@id\":\"https:\\\/\\\/kentiaotel.com\\\/#website\",\"url\":\"https:\\\/\\\/kentiaotel.com\\\/\",\"name\":\"Kentia Apart Otel\",\"description\":\"\",\"publisher\":{\"@id\":\"https:\\\/\\\/kentiaotel.com\\\/#organization\"},\"potentialAction\":[{\"@type\":\"SearchAction\",\"target\":{\"@type\":\"EntryPoint\",\"urlTemplate\":\"https:\\\/\\\/kentiaotel.com\\\/?s={search_term_string}\"},\"query-input\":{\"@type\":\"PropertyValueSpecification\",\"valueRequired\":true,\"valueName\":\"search_term_string\"}}],\"inLanguage\":\"de\"},{\"@type\":\"Organization\",\"@id\":\"https:\\\/\\\/kentiaotel.com\\\/#organization\",\"name\":\"Kentia Apart Otel\",\"url\":\"https:\\\/\\\/kentiaotel.com\\\/\",\"logo\":{\"@type\":\"ImageObject\",\"inLanguage\":\"de\",\"@id\":\"https:\\\/\\\/kentiaotel.com\\\/#\\\/schema\\\/logo\\\/image\\\/\",\"url\":\"https:\\\/\\\/kentiaotel.com\\\/wp-content\\\/uploads\\\/2025\\\/01\\\/KENTIA.png\",\"contentUrl\":\"https:\\\/\\\/kentiaotel.com\\\/wp-content\\\/uploads\\\/2025\\\/01\\\/KENTIA.png\",\"width\":388,\"height\":224,\"caption\":\"Kentia Apart Otel\"},\"image\":{\"@id\":\"https:\\\/\\\/kentiaotel.com\\\/#\\\/schema\\\/logo\\\/image\\\/\"}}]}<\/script>\n<!-- \/ Yoast SEO plugin. -->","yoast_head_json":{"title":"\u00dcber uns - Kentia Apart Otel","robots":{"index":"index","follow":"follow","max-snippet":"max-snippet:-1","max-image-preview":"max-image-preview:large","max-video-preview":"max-video-preview:-1"},"canonical":"https:\/\/kentiaotel.com\/hakkimizda\/","og_locale":"de_DE","og_type":"article","og_title":"\u00dcber uns - Kentia Apart Otel","og_description":"\u00dcber uns Startseite \u00dcber Kentia Apart Hotel \u00dcber Kentia Apart Hotel Komfortabler Urlaub, wo sich Geschichte und Natur begegnen Seit 1999 bietet Kentia Apart Hotel seinen G\u00e4sten ein unvergessliches Urlaubserlebnis, eingebettet in die historische Struktur und nat\u00fcrliche Sch\u00f6nheit von Side. Unsere komfortablen Zimmer mit modernem Design, unser gr\u00fcner Garten, Swimmingpool und zahlreiche Einrichtungen verbinden Ruhe [&hellip;]","og_url":"https:\/\/kentiaotel.com\/hakkimizda\/","og_site_name":"Kentia Apart Otel","article_modified_time":"2025-11-08T20:26:42+00:00","og_image":[{"url":"https:\/\/kentiahotel.com\/wp-content\/uploads\/2025\/01\/Adsiz-tasarim-45-1024x683.jpg","type":"","width":"","height":""}],"twitter_card":"summary_large_image","twitter_misc":{"Gesch\u00e4tzte Lesezeit":"1\u00a0Minute"},"schema":{"@context":"https:\/\/schema.org","@graph":[{"@type":"WebPage","@id":"https:\/\/kentiaotel.com\/hakkimizda\/","url":"https:\/\/kentiaotel.com\/hakkimizda\/","name":"\u00dcber uns - Kentia Apart Otel","isPartOf":{"@id":"https:\/\/kentiaotel.com\/#website"},"primaryImageOfPage":{"@id":"https:\/\/kentiaotel.com\/hakkimizda\/#primaryimage"},"image":{"@id":"https:\/\/kentiaotel.com\/hakkimizda\/#primaryimage"},"thumbnailUrl":"https:\/\/kentiahotel.com\/wp-content\/uploads\/2025\/01\/Adsiz-tasarim-45-1024x683.jpg","datePublished":"2025-01-29T19:26:33+00:00","dateModified":"2025-11-08T20:26:42+00:00","breadcrumb":{"@id":"https:\/\/kentiaotel.com\/hakkimizda\/#breadcrumb"},"inLanguage":"de","potentialAction":[{"@type":"ReadAction","target":["https:\/\/kentiaotel.com\/hakkimizda\/"]}]},{"@type":"ImageObject","inLanguage":"de","@id":"https:\/\/kentiaotel.com\/hakkimizda\/#primaryimage","url":"https:\/\/kentiahotel.com\/wp-content\/uploads\/2025\/01\/Adsiz-tasarim-45-1024x683.jpg","contentUrl":"https:\/\/kentiahotel.com\/wp-content\/uploads\/2025\/01\/Adsiz-tasarim-45-1024x683.jpg"},{"@type":"BreadcrumbList","@id":"https:\/\/kentiaotel.com\/hakkimizda\/#breadcrumb","itemListElement":[{"@type":"ListItem","position":1,"name":"Anasayfa","item":"https:\/\/kentiaotel.com\/"},{"@type":"ListItem","position":2,"name":"\u00dcber uns"}]},{"@type":"WebSite","@id":"https:\/\/kentiaotel.com\/#website","url":"https:\/\/kentiaotel.com\/","name":"Kentia Apart Otel","description":"","publisher":{"@id":"https:\/\/kentiaotel.com\/#organization"},"potentialAction":[{"@type":"SearchAction","target":{"@type":"EntryPoint","urlTemplate":"https:\/\/kentiaotel.com\/?s={search_term_string}"},"query-input":{"@type":"PropertyValueSpecification","valueRequired":true,"valueName":"search_term_string"}}],"inLanguage":"de"},{"@type":"Organization","@id":"https:\/\/kentiaotel.com\/#organization","name":"Kentia Apart Otel","url":"https:\/\/kentiaotel.com\/","logo":{"@type":"ImageObject","inLanguage":"de","@id":"https:\/\/kentiaotel.com\/#\/schema\/logo\/image\/","url":"https:\/\/kentiaotel.com\/wp-content\/uploads\/2025\/01\/KENTIA.png","contentUrl":"https:\/\/kentiaotel.com\/wp-content\/uploads\/2025\/01\/KENTIA.png","width":388,"height":224,"caption":"Kentia Apart Otel"},"image":{"@id":"https:\/\/kentiaotel.com\/#\/schema\/logo\/image\/"}}]}},"_links":{"self":[{"href":"https:\/\/kentiaotel.com\/de\/wp-json\/wp\/v2\/pages\/762","targetHints":{"allow":["GET"]}}],"collection":[{"href":"https:\/\/kentiaotel.com\/de\/wp-json\/wp\/v2\/pages"}],"about":[{"href":"https:\/\/kentiaotel.com\/de\/wp-json\/wp\/v2\/types\/page"}],"author":[{"embeddable":true,"href":"https:\/\/kentiaotel.com\/de\/wp-json\/wp\/v2\/users\/1"}],"replies":[{"embeddable":true,"href":"https:\/\/kentiaotel.com\/de\/wp-json\/wp\/v2\/comments?post=762"}],"version-history":[{"count":8,"href":"https:\/\/kentiaotel.com\/de\/wp-json\/wp\/v2\/pages\/762\/revisions"}],"predecessor-version":[{"id":1418,"href":"https:\/\/kentiaotel.com\/de\/wp-json\/wp\/v2\/pages\/762\/revisions\/1418"}],"wp:attachment":[{"href":"https:\/\/kentiaotel.com\/de\/wp-json\/wp\/v2\/media?parent=762"}],"curies":[{"name":"wp","href":"https:\/\/api.w.org\/{rel}","templated":true}]}}