{"id":767,"date":"2025-01-29T22:53:14","date_gmt":"2025-01-29T19:53:14","guid":{"rendered":"https:\/\/kentiahotel.com\/unsere-einrichtungen\/"},"modified":"2025-07-10T10:33:31","modified_gmt":"2025-07-10T07:33:31","slug":"unsere-einrichtungen","status":"publish","type":"page","link":"https:\/\/kentiaotel.com\/de\/unsere-einrichtungen\/","title":{"rendered":"Unsere Einrichtungen"},"content":{"rendered":"\t\t<div data-elementor-type=\"wp-page\" data-elementor-id=\"767\" class=\"elementor elementor-767 elementor-194\" data-elementor-post-type=\"page\">\n\t\t\t\t<div class=\"elementor-element elementor-element-8b67123 e-flex e-con-boxed e-con e-parent\" data-id=\"8b67123\" data-element_type=\"container\" data-settings=\"{&quot;background_background&quot;:&quot;classic&quot;}\">\n\t\t\t\t\t<div class=\"e-con-inner\">\n\t\t<div class=\"elementor-element elementor-element-755ded63 e-con-full e-flex e-con e-child\" data-id=\"755ded63\" data-element_type=\"container\">\n\t\t\t\t<div class=\"elementor-element elementor-element-3a98ff1b elementor-widget elementor-widget-heading\" data-id=\"3a98ff1b\" data-element_type=\"widget\" data-widget_type=\"heading.default\">\n\t\t\t\t<div class=\"elementor-widget-container\">\n\t\t\t\t\t<h1 class=\"elementor-heading-title elementor-size-default\">Unsere Einrichtungen <\/h1>\t\t\t\t<\/div>\n\t\t\t\t<\/div>\n\t\t\t\t<div class=\"elementor-element elementor-element-3ab2f7fc elementor-icon-list--layout-inline elementor-list-item-link-full_width elementor-widget elementor-widget-icon-list\" data-id=\"3ab2f7fc\" data-element_type=\"widget\" data-widget_type=\"icon-list.default\">\n\t\t\t\t<div class=\"elementor-widget-container\">\n\t\t\t\t\t\t\t<ul class=\"elementor-icon-list-items elementor-inline-items\">\n\t\t\t\t\t\t\t<li class=\"elementor-icon-list-item elementor-inline-item\">\n\t\t\t\t\t\t\t\t\t\t\t<a href=\"#\">\n\n\t\t\t\t\t\t\t\t\t\t\t<span class=\"elementor-icon-list-text\">Startseite<\/span>\n\t\t\t\t\t\t\t\t\t\t\t<\/a>\n\t\t\t\t\t\t\t\t\t<\/li>\n\t\t\t\t\t\t\t\t<li class=\"elementor-icon-list-item elementor-inline-item\">\n\t\t\t\t\t\t\t\t\t\t\t<a href=\"#\">\n\n\t\t\t\t\t\t\t\t\t\t\t\t<span class=\"elementor-icon-list-icon\">\n\t\t\t\t\t\t\t<i aria-hidden=\"true\" class=\"icon icon-right-arrow\"><\/i>\t\t\t\t\t\t<\/span>\n\t\t\t\t\t\t\t\t\t\t<span class=\"elementor-icon-list-text\">Unsere Einrichtungen <\/span>\n\t\t\t\t\t\t\t\t\t\t\t<\/a>\n\t\t\t\t\t\t\t\t\t<\/li>\n\t\t\t\t\t\t<\/ul>\n\t\t\t\t\t\t<\/div>\n\t\t\t\t<\/div>\n\t\t\t\t<\/div>\n\t\t\t\t\t<\/div>\n\t\t\t\t<\/div>\n\t\t<div class=\"elementor-element elementor-element-6cae0d0a e-flex e-con-boxed e-con e-parent\" data-id=\"6cae0d0a\" data-element_type=\"container\">\n\t\t\t\t\t<div class=\"e-con-inner\">\n\t\t<div class=\"elementor-element elementor-element-7fabb525 e-con-full e-flex e-con e-child\" data-id=\"7fabb525\" data-element_type=\"container\">\n\t\t\t\t<div class=\"elementor-element elementor-element-44ceb627 elementor-view-framed elementor-shape-circle elementor-widget elementor-widget-icon\" data-id=\"44ceb627\" data-element_type=\"widget\" data-widget_type=\"icon.default\">\n\t\t\t\t<div class=\"elementor-widget-container\">\n\t\t\t\t\t\t\t<div class=\"elementor-icon-wrapper\">\n\t\t\t<div class=\"elementor-icon\">\n\t\t\t<i aria-hidden=\"true\" class=\"icon icon-star2\"><\/i>\t\t\t<\/div>\n\t\t<\/div>\n\t\t\t\t\t\t<\/div>\n\t\t\t\t<\/div>\n\t\t\t\t<div class=\"elementor-element elementor-element-6c0cac86 elementor-widget elementor-widget-heading\" data-id=\"6c0cac86\" data-element_type=\"widget\" data-widget_type=\"heading.default\">\n\t\t\t\t<div class=\"elementor-widget-container\">\n\t\t\t\t\t<h6 class=\"elementor-heading-title elementor-size-default\">Unsere Einrichtungen <\/h6>\t\t\t\t<\/div>\n\t\t\t\t<\/div>\n\t\t\t\t<div class=\"elementor-element elementor-element-21102ad5 elementor-invisible elementor-widget elementor-widget-heading\" data-id=\"21102ad5\" data-element_type=\"widget\" data-settings=\"{&quot;_animation&quot;:&quot;fadeInUp&quot;}\" data-widget_type=\"heading.default\">\n\t\t\t\t<div class=\"elementor-widget-container\">\n\t\t\t\t\t<h2 class=\"elementor-heading-title elementor-size-default\">Entspannen Sie sich, haben Sie Spa\u00df und genie\u00dfen Sie Ihren Urlaub!<\/h2>\t\t\t\t<\/div>\n\t\t\t\t<\/div>\n\t\t\t\t<div class=\"elementor-element elementor-element-198d1d8a elementor-widget__width-initial elementor-widget-tablet__width-inherit elementor-widget elementor-widget-text-editor\" data-id=\"198d1d8a\" data-element_type=\"widget\" data-widget_type=\"text-editor.default\">\n\t\t\t\t<div class=\"elementor-widget-container\">\n\t\t\t\t\t\t\t\t\t<p>Wir bieten in den Kentia Hotel besondere Einrichtungen f\u00fcr Ihren Komfort und einen angenehmen Urlaub. Wir haben an jedes Detail gedacht, damit Sie Spa\u00df haben, sich entspannen und gesund leben k\u00f6nnen!<\/p>\t\t\t\t\t\t\t\t<\/div>\n\t\t\t\t<\/div>\n\t\t\t\t<div class=\"elementor-element elementor-element-3ac92176 elementor-widget elementor-widget-spacer\" data-id=\"3ac92176\" data-element_type=\"widget\" data-widget_type=\"spacer.default\">\n\t\t\t\t<div class=\"elementor-widget-container\">\n\t\t\t\t\t\t\t<div class=\"elementor-spacer\">\n\t\t\t<div class=\"elementor-spacer-inner\"><\/div>\n\t\t<\/div>\n\t\t\t\t\t\t<\/div>\n\t\t\t\t<\/div>\n\t\t\t\t<\/div>\n\t\t\t\t\t<\/div>\n\t\t\t\t<\/div>\n\t\t<div class=\"elementor-element elementor-element-d00ec73 e-grid e-con-boxed e-con e-parent\" data-id=\"d00ec73\" data-element_type=\"container\">\n\t\t\t\t\t<div class=\"e-con-inner\">\n\t\t\t\t<div class=\"elementor-element elementor-element-7d653b0 elementor-widget elementor-widget-elementskit-image-box\" data-id=\"7d653b0\" data-element_type=\"widget\" data-widget_type=\"elementskit-image-box.default\">\n\t\t\t\t<div class=\"elementor-widget-container\">\n\t\t\t\t\t<div class=\"ekit-wid-con\" >\n            <div class=\"elementskit-info-image-box ekit-image-box text-center floating-style\" >\n\n                \n                <div class=\"elementskit-box-header image-box-img-center\">\n\n                    <img fetchpriority=\"high\" decoding=\"async\" width=\"940\" height=\"344\" src=\"https:\/\/kentiaotel.com\/wp-content\/uploads\/2025\/02\/havuz-1.jpg\" class=\"attachment-full size-full wp-image-443\" alt=\"\" srcset=\"https:\/\/kentiaotel.com\/wp-content\/uploads\/2025\/02\/havuz-1.jpg 940w, https:\/\/kentiaotel.com\/wp-content\/uploads\/2025\/02\/havuz-1-300x110.jpg 300w, https:\/\/kentiaotel.com\/wp-content\/uploads\/2025\/02\/havuz-1-768x281.jpg 768w\" sizes=\"(max-width: 940px) 100vw, 940px\" \/>\n                <\/div>\n                \n                <div class=\"elementskit-box-body ekit-image-box-body\">\n                    <div class=\"elementskit-box-content ekit-image-box-body-inner\">\n                                                <h3 class=\"elementskit-info-box-title\">\n\n                        \n                            \n                        Aktivit\u00e4ten am Pool\n                        \n                    <\/h3>\n                                                        <\/div>\n\n                            <\/div>\n            <\/div>\n    <\/div>\t\t\t\t<\/div>\n\t\t\t\t<\/div>\n\t\t\t\t<div class=\"elementor-element elementor-element-a9e99b5 elementor-widget elementor-widget-elementskit-image-box\" data-id=\"a9e99b5\" data-element_type=\"widget\" data-widget_type=\"elementskit-image-box.default\">\n\t\t\t\t<div class=\"elementor-widget-container\">\n\t\t\t\t\t<div class=\"ekit-wid-con\" >\n            <div class=\"elementskit-info-image-box ekit-image-box text-center floating-style\" >\n\n                \n                <div class=\"elementskit-box-header image-box-img-center\">\n\n                    <img decoding=\"async\" width=\"940\" height=\"344\" src=\"https:\/\/kentiaotel.com\/wp-content\/uploads\/2025\/01\/9686.jpg\" class=\"attachment-full size-full wp-image-124\" alt=\"\" srcset=\"https:\/\/kentiaotel.com\/wp-content\/uploads\/2025\/01\/9686.jpg 940w, https:\/\/kentiaotel.com\/wp-content\/uploads\/2025\/01\/9686-300x110.jpg 300w, https:\/\/kentiaotel.com\/wp-content\/uploads\/2025\/01\/9686-768x281.jpg 768w\" sizes=\"(max-width: 940px) 100vw, 940px\" \/>\n                <\/div>\n                \n                <div class=\"elementskit-box-body ekit-image-box-body\">\n                    <div class=\"elementskit-box-content ekit-image-box-body-inner\">\n                                                <h3 class=\"elementskit-info-box-title\">\n\n                        \n                            \n                         Fitnessstudio\n                        \n                    <\/h3>\n                                                        <\/div>\n\n                            <\/div>\n            <\/div>\n    <\/div>\t\t\t\t<\/div>\n\t\t\t\t<\/div>\n\t\t\t\t<div class=\"elementor-element elementor-element-3dd23ff elementor-widget elementor-widget-elementskit-image-box\" data-id=\"3dd23ff\" data-element_type=\"widget\" data-widget_type=\"elementskit-image-box.default\">\n\t\t\t\t<div class=\"elementor-widget-container\">\n\t\t\t\t\t<div class=\"ekit-wid-con\" >\n            <div class=\"elementskit-info-image-box ekit-image-box text-center floating-style\" >\n\n                \n                <div class=\"elementskit-box-header image-box-img-center\">\n\n                    <img decoding=\"async\" width=\"940\" height=\"344\" src=\"https:\/\/kentiaotel.com\/wp-content\/uploads\/2025\/01\/9702.jpg\" class=\"attachment-full size-full wp-image-125\" alt=\"\" srcset=\"https:\/\/kentiaotel.com\/wp-content\/uploads\/2025\/01\/9702.jpg 940w, https:\/\/kentiaotel.com\/wp-content\/uploads\/2025\/01\/9702-300x110.jpg 300w, https:\/\/kentiaotel.com\/wp-content\/uploads\/2025\/01\/9702-768x281.jpg 768w\" sizes=\"(max-width: 940px) 100vw, 940px\" \/>\n                <\/div>\n                \n                <div class=\"elementskit-box-body ekit-image-box-body\">\n                    <div class=\"elementskit-box-content ekit-image-box-body-inner\">\n                                                <h3 class=\"elementskit-info-box-title\">\n\n                        \n                            \n                        Kinderclub\n                        \n                    <\/h3>\n                                                        <\/div>\n\n                            <\/div>\n            <\/div>\n    <\/div>\t\t\t\t<\/div>\n\t\t\t\t<\/div>\n\t\t\t\t<div class=\"elementor-element elementor-element-c36c861 elementor-widget elementor-widget-elementskit-image-box\" data-id=\"c36c861\" data-element_type=\"widget\" data-widget_type=\"elementskit-image-box.default\">\n\t\t\t\t<div class=\"elementor-widget-container\">\n\t\t\t\t\t<div class=\"ekit-wid-con\" >\n            <div class=\"elementskit-info-image-box ekit-image-box text-center floating-style\" >\n\n                \n                <div class=\"elementskit-box-header image-box-img-center\">\n\n                    <img loading=\"lazy\" decoding=\"async\" width=\"940\" height=\"344\" src=\"https:\/\/kentiaotel.com\/wp-content\/uploads\/2025\/02\/9700-1.jpg\" class=\"attachment-full size-full wp-image-441\" alt=\"\" srcset=\"https:\/\/kentiaotel.com\/wp-content\/uploads\/2025\/02\/9700-1.jpg 940w, https:\/\/kentiaotel.com\/wp-content\/uploads\/2025\/02\/9700-1-300x110.jpg 300w, https:\/\/kentiaotel.com\/wp-content\/uploads\/2025\/02\/9700-1-768x281.jpg 768w\" sizes=\"(max-width: 940px) 100vw, 940px\" \/>\n                <\/div>\n                \n                <div class=\"elementskit-box-body ekit-image-box-body\">\n                    <div class=\"elementskit-box-content ekit-image-box-body-inner\">\n                                                <h3 class=\"elementskit-info-box-title\">\n\n                        \n                            \n                        T\u00fcrkisches Bad &amp; Spa\n                        \n                    <\/h3>\n                                                        <\/div>\n\n                            <\/div>\n            <\/div>\n    <\/div>\t\t\t\t<\/div>\n\t\t\t\t<\/div>\n\t\t\t\t\t<\/div>\n\t\t\t\t<\/div>\n\t\t\t\t<\/div>\n\t\t","protected":false},"excerpt":{"rendered":"<p>Unsere Einrichtungen Startseite Unsere Einrichtungen Unsere Einrichtungen Entspannen Sie sich, haben Sie Spa\u00df und genie\u00dfen Sie Ihren Urlaub! Wir bieten in den Kentia Hotel besondere Einrichtungen f\u00fcr Ihren Komfort und einen angenehmen Urlaub. Wir haben an jedes Detail gedacht, damit Sie Spa\u00df haben, sich entspannen und gesund leben k\u00f6nnen! Aktivit\u00e4ten am Pool Fitnessstudio Kinderclub T\u00fcrkisches [&hellip;]<\/p>\n","protected":false},"author":1,"featured_media":0,"parent":0,"menu_order":0,"comment_status":"closed","ping_status":"closed","template":"elementor_header_footer","meta":{"footnotes":""},"class_list":["post-767","page","type-page","status-publish","hentry"],"yoast_head":"<!-- This site is optimized with the Yoast SEO plugin v27.5 - https:\/\/yoast.com\/product\/yoast-seo-wordpress\/ -->\n<title>Unsere Einrichtungen - Kentia Apart Otel<\/title>\n<meta name=\"robots\" content=\"index, follow, max-snippet:-1, max-image-preview:large, max-video-preview:-1\" \/>\n<link rel=\"canonical\" href=\"https:\/\/kentiaotel.com\/olanaklarimiz\/\" \/>\n<meta property=\"og:locale\" content=\"de_DE\" \/>\n<meta property=\"og:type\" content=\"article\" \/>\n<meta property=\"og:title\" content=\"Unsere Einrichtungen - Kentia Apart Otel\" \/>\n<meta property=\"og:description\" content=\"Unsere Einrichtungen Startseite Unsere Einrichtungen Unsere Einrichtungen Entspannen Sie sich, haben Sie Spa\u00df und genie\u00dfen Sie Ihren Urlaub! Wir bieten in den Kentia Hotel besondere Einrichtungen f\u00fcr Ihren Komfort und einen angenehmen Urlaub. Wir haben an jedes Detail gedacht, damit Sie Spa\u00df haben, sich entspannen und gesund leben k\u00f6nnen! Aktivit\u00e4ten am Pool Fitnessstudio Kinderclub T\u00fcrkisches [&hellip;]\" \/>\n<meta property=\"og:url\" content=\"https:\/\/kentiaotel.com\/olanaklarimiz\/\" \/>\n<meta property=\"og:site_name\" content=\"Kentia Apart Otel\" \/>\n<meta property=\"article:modified_time\" content=\"2025-07-10T07:33:31+00:00\" \/>\n<meta property=\"og:image\" content=\"https:\/\/kentiahotel.com\/wp-content\/uploads\/2025\/02\/havuz-1.jpg\" \/>\n<meta name=\"twitter:card\" content=\"summary_large_image\" \/>\n<script type=\"application\/ld+json\" class=\"yoast-schema-graph\">{\"@context\":\"https:\\\/\\\/schema.org\",\"@graph\":[{\"@type\":\"WebPage\",\"@id\":\"https:\\\/\\\/kentiaotel.com\\\/olanaklarimiz\\\/\",\"url\":\"https:\\\/\\\/kentiaotel.com\\\/olanaklarimiz\\\/\",\"name\":\"Unsere Einrichtungen - Kentia Apart Otel\",\"isPartOf\":{\"@id\":\"https:\\\/\\\/kentiaotel.com\\\/#website\"},\"primaryImageOfPage\":{\"@id\":\"https:\\\/\\\/kentiaotel.com\\\/olanaklarimiz\\\/#primaryimage\"},\"image\":{\"@id\":\"https:\\\/\\\/kentiaotel.com\\\/olanaklarimiz\\\/#primaryimage\"},\"thumbnailUrl\":\"https:\\\/\\\/kentiahotel.com\\\/wp-content\\\/uploads\\\/2025\\\/02\\\/havuz-1.jpg\",\"datePublished\":\"2025-01-29T19:53:14+00:00\",\"dateModified\":\"2025-07-10T07:33:31+00:00\",\"breadcrumb\":{\"@id\":\"https:\\\/\\\/kentiaotel.com\\\/olanaklarimiz\\\/#breadcrumb\"},\"inLanguage\":\"de\",\"potentialAction\":[{\"@type\":\"ReadAction\",\"target\":[\"https:\\\/\\\/kentiaotel.com\\\/olanaklarimiz\\\/\"]}]},{\"@type\":\"ImageObject\",\"inLanguage\":\"de\",\"@id\":\"https:\\\/\\\/kentiaotel.com\\\/olanaklarimiz\\\/#primaryimage\",\"url\":\"https:\\\/\\\/kentiahotel.com\\\/wp-content\\\/uploads\\\/2025\\\/02\\\/havuz-1.jpg\",\"contentUrl\":\"https:\\\/\\\/kentiahotel.com\\\/wp-content\\\/uploads\\\/2025\\\/02\\\/havuz-1.jpg\"},{\"@type\":\"BreadcrumbList\",\"@id\":\"https:\\\/\\\/kentiaotel.com\\\/olanaklarimiz\\\/#breadcrumb\",\"itemListElement\":[{\"@type\":\"ListItem\",\"position\":1,\"name\":\"Anasayfa\",\"item\":\"https:\\\/\\\/kentiaotel.com\\\/\"},{\"@type\":\"ListItem\",\"position\":2,\"name\":\"Unsere Einrichtungen\"}]},{\"@type\":\"WebSite\",\"@id\":\"https:\\\/\\\/kentiaotel.com\\\/#website\",\"url\":\"https:\\\/\\\/kentiaotel.com\\\/\",\"name\":\"Kentia Apart Otel\",\"description\":\"\",\"publisher\":{\"@id\":\"https:\\\/\\\/kentiaotel.com\\\/#organization\"},\"potentialAction\":[{\"@type\":\"SearchAction\",\"target\":{\"@type\":\"EntryPoint\",\"urlTemplate\":\"https:\\\/\\\/kentiaotel.com\\\/?s={search_term_string}\"},\"query-input\":{\"@type\":\"PropertyValueSpecification\",\"valueRequired\":true,\"valueName\":\"search_term_string\"}}],\"inLanguage\":\"de\"},{\"@type\":\"Organization\",\"@id\":\"https:\\\/\\\/kentiaotel.com\\\/#organization\",\"name\":\"Kentia Apart Otel\",\"url\":\"https:\\\/\\\/kentiaotel.com\\\/\",\"logo\":{\"@type\":\"ImageObject\",\"inLanguage\":\"de\",\"@id\":\"https:\\\/\\\/kentiaotel.com\\\/#\\\/schema\\\/logo\\\/image\\\/\",\"url\":\"https:\\\/\\\/kentiaotel.com\\\/wp-content\\\/uploads\\\/2025\\\/01\\\/KENTIA.png\",\"contentUrl\":\"https:\\\/\\\/kentiaotel.com\\\/wp-content\\\/uploads\\\/2025\\\/01\\\/KENTIA.png\",\"width\":388,\"height\":224,\"caption\":\"Kentia Apart Otel\"},\"image\":{\"@id\":\"https:\\\/\\\/kentiaotel.com\\\/#\\\/schema\\\/logo\\\/image\\\/\"}}]}<\/script>\n<!-- \/ Yoast SEO plugin. -->","yoast_head_json":{"title":"Unsere Einrichtungen - Kentia Apart Otel","robots":{"index":"index","follow":"follow","max-snippet":"max-snippet:-1","max-image-preview":"max-image-preview:large","max-video-preview":"max-video-preview:-1"},"canonical":"https:\/\/kentiaotel.com\/olanaklarimiz\/","og_locale":"de_DE","og_type":"article","og_title":"Unsere Einrichtungen - Kentia Apart Otel","og_description":"Unsere Einrichtungen Startseite Unsere Einrichtungen Unsere Einrichtungen Entspannen Sie sich, haben Sie Spa\u00df und genie\u00dfen Sie Ihren Urlaub! Wir bieten in den Kentia Hotel besondere Einrichtungen f\u00fcr Ihren Komfort und einen angenehmen Urlaub. Wir haben an jedes Detail gedacht, damit Sie Spa\u00df haben, sich entspannen und gesund leben k\u00f6nnen! Aktivit\u00e4ten am Pool Fitnessstudio Kinderclub T\u00fcrkisches [&hellip;]","og_url":"https:\/\/kentiaotel.com\/olanaklarimiz\/","og_site_name":"Kentia Apart Otel","article_modified_time":"2025-07-10T07:33:31+00:00","og_image":[{"url":"https:\/\/kentiahotel.com\/wp-content\/uploads\/2025\/02\/havuz-1.jpg","type":"","width":"","height":""}],"twitter_card":"summary_large_image","schema":{"@context":"https:\/\/schema.org","@graph":[{"@type":"WebPage","@id":"https:\/\/kentiaotel.com\/olanaklarimiz\/","url":"https:\/\/kentiaotel.com\/olanaklarimiz\/","name":"Unsere Einrichtungen - Kentia Apart Otel","isPartOf":{"@id":"https:\/\/kentiaotel.com\/#website"},"primaryImageOfPage":{"@id":"https:\/\/kentiaotel.com\/olanaklarimiz\/#primaryimage"},"image":{"@id":"https:\/\/kentiaotel.com\/olanaklarimiz\/#primaryimage"},"thumbnailUrl":"https:\/\/kentiahotel.com\/wp-content\/uploads\/2025\/02\/havuz-1.jpg","datePublished":"2025-01-29T19:53:14+00:00","dateModified":"2025-07-10T07:33:31+00:00","breadcrumb":{"@id":"https:\/\/kentiaotel.com\/olanaklarimiz\/#breadcrumb"},"inLanguage":"de","potentialAction":[{"@type":"ReadAction","target":["https:\/\/kentiaotel.com\/olanaklarimiz\/"]}]},{"@type":"ImageObject","inLanguage":"de","@id":"https:\/\/kentiaotel.com\/olanaklarimiz\/#primaryimage","url":"https:\/\/kentiahotel.com\/wp-content\/uploads\/2025\/02\/havuz-1.jpg","contentUrl":"https:\/\/kentiahotel.com\/wp-content\/uploads\/2025\/02\/havuz-1.jpg"},{"@type":"BreadcrumbList","@id":"https:\/\/kentiaotel.com\/olanaklarimiz\/#breadcrumb","itemListElement":[{"@type":"ListItem","position":1,"name":"Anasayfa","item":"https:\/\/kentiaotel.com\/"},{"@type":"ListItem","position":2,"name":"Unsere Einrichtungen"}]},{"@type":"WebSite","@id":"https:\/\/kentiaotel.com\/#website","url":"https:\/\/kentiaotel.com\/","name":"Kentia Apart Otel","description":"","publisher":{"@id":"https:\/\/kentiaotel.com\/#organization"},"potentialAction":[{"@type":"SearchAction","target":{"@type":"EntryPoint","urlTemplate":"https:\/\/kentiaotel.com\/?s={search_term_string}"},"query-input":{"@type":"PropertyValueSpecification","valueRequired":true,"valueName":"search_term_string"}}],"inLanguage":"de"},{"@type":"Organization","@id":"https:\/\/kentiaotel.com\/#organization","name":"Kentia Apart Otel","url":"https:\/\/kentiaotel.com\/","logo":{"@type":"ImageObject","inLanguage":"de","@id":"https:\/\/kentiaotel.com\/#\/schema\/logo\/image\/","url":"https:\/\/kentiaotel.com\/wp-content\/uploads\/2025\/01\/KENTIA.png","contentUrl":"https:\/\/kentiaotel.com\/wp-content\/uploads\/2025\/01\/KENTIA.png","width":388,"height":224,"caption":"Kentia Apart Otel"},"image":{"@id":"https:\/\/kentiaotel.com\/#\/schema\/logo\/image\/"}}]}},"_links":{"self":[{"href":"https:\/\/kentiaotel.com\/de\/wp-json\/wp\/v2\/pages\/767","targetHints":{"allow":["GET"]}}],"collection":[{"href":"https:\/\/kentiaotel.com\/de\/wp-json\/wp\/v2\/pages"}],"about":[{"href":"https:\/\/kentiaotel.com\/de\/wp-json\/wp\/v2\/types\/page"}],"author":[{"embeddable":true,"href":"https:\/\/kentiaotel.com\/de\/wp-json\/wp\/v2\/users\/1"}],"replies":[{"embeddable":true,"href":"https:\/\/kentiaotel.com\/de\/wp-json\/wp\/v2\/comments?post=767"}],"version-history":[{"count":7,"href":"https:\/\/kentiaotel.com\/de\/wp-json\/wp\/v2\/pages\/767\/revisions"}],"predecessor-version":[{"id":1226,"href":"https:\/\/kentiaotel.com\/de\/wp-json\/wp\/v2\/pages\/767\/revisions\/1226"}],"wp:attachment":[{"href":"https:\/\/kentiaotel.com\/de\/wp-json\/wp\/v2\/media?parent=767"}],"curies":[{"name":"wp","href":"https:\/\/api.w.org\/{rel}","templated":true}]}}